{"id":6,"date":"2020-03-22T17:12:55","date_gmt":"2020-03-22T17:12:55","guid":{"rendered":"https:\/\/math-mep.ecub.info\/?page_id=6"},"modified":"2024-08-20T11:58:01","modified_gmt":"2024-08-20T11:58:01","slug":"the-new-umoma-opens-its-doors-2","status":"publish","type":"page","link":"https:\/\/math-mep.ecub.info\/","title":{"rendered":"Bienvenue sur le site des classes de Rapha\u00e8le Milard Jurczenko"},"content":{"rendered":"\n<h3 class=\"wp-block-heading\"> Tu trouveras ici toutes les informations pour avancer dans tes cours de Maths ou Maths-Physique.<\/h3>\n\n\n\n<div class=\"wp-block-group alignwide\"><div class=\"wp-block-group__inner-container is-layout-flow wp-block-group-is-layout-flow\">\n<h2 class=\"wp-block-heading has-text-align-center\">Clique sur ta classe pour y acc\u00e9der<\/h2>\n<\/div><\/div>\n\n\n\n<div class=\"wp-block-columns alignwide is-layout-flex wp-container-core-columns-is-layout-9d6595d7 wp-block-columns-is-layout-flex\">\n<div class=\"wp-block-column is-layout-flow wp-block-column-is-layout-flow\">\n<div class=\"wp-block-group\"><div class=\"wp-block-group__inner-container is-layout-flow wp-block-group-is-layout-flow\">\n<h2 class=\"wp-block-heading\"><a href=\"https:\/\/math-mep.ecub.info\/?cat=7\">9VP3<\/a><\/h2>\n\n\n\n<p><\/p>\n<\/div><\/div>\n\n\n\n<h2 class=\"wp-block-heading\"><a href=\"https:\/\/math-mep.ecub.info\/?p=109\">11<\/a><a href=\"https:\/\/math-mep.ecub.info\/?cat=5\">VP<\/a>2<\/h2>\n\n\n\n<p><\/p>\n<\/div>\n\n\n\n<div class=\"wp-block-column is-layout-flow wp-block-column-is-layout-flow\">\n<div class=\"wp-block-group\"><div class=\"wp-block-group__inner-container is-layout-flow wp-block-group-is-layout-flow\">\n<h2 class=\"wp-block-heading\"><a href=\"https:\/\/math-mep.ecub.info\/?cat=6\">10VP<\/a>1-3<\/h2>\n\n\n\n<p><\/p>\n<\/div><\/div>\n\n\n\n<div class=\"wp-block-group\"><div class=\"wp-block-group__inner-container is-layout-flow wp-block-group-is-layout-flow\">\n<h3 class=\"wp-block-heading\"><a href=\"https:\/\/math-mep.ecub.info\/?cat=8\">OS MEP 9<\/a><\/h3>\n\n\n\n<p><\/p>\n<\/div><\/div>\n<\/div>\n<\/div>\n\n\n\n<h2 class=\"wp-block-heading\">Quelques \u00e9nigmes \u00e0 r\u00e9soudre pour faire passer le temps!<\/h2>\n\n\n\n<figure class=\"wp-block-image size-large is-style-default\"><img loading=\"lazy\" decoding=\"async\" width=\"1024\" height=\"979\" src=\"https:\/\/math-mep.ecub.info\/wp-content\/uploads\/2020\/03\/IMG_5325-1024x979.jpg\" alt=\"\" class=\"wp-image-60\" srcset=\"https:\/\/math-mep.ecub.info\/wp-content\/uploads\/2020\/03\/IMG_5325-1024x979.jpg 1024w, https:\/\/math-mep.ecub.info\/wp-content\/uploads\/2020\/03\/IMG_5325-300x287.jpg 300w, https:\/\/math-mep.ecub.info\/wp-content\/uploads\/2020\/03\/IMG_5325-768x734.jpg 768w, https:\/\/math-mep.ecub.info\/wp-content\/uploads\/2020\/03\/IMG_5325-1200x1147.jpg 1200w, https:\/\/math-mep.ecub.info\/wp-content\/uploads\/2020\/03\/IMG_5325.jpg 1242w\" sizes=\"auto, (max-width: 709px) 85vw, (max-width: 909px) 67vw, (max-width: 1362px) 62vw, 840px\" \/><\/figure>\n\n\n\n<p><\/p>\n","protected":false},"excerpt":{"rendered":"<p>Tu trouveras ici toutes les informations pour avancer dans tes cours de Maths ou Maths-Physique. Clique sur ta classe pour y acc\u00e9der 9VP3 11VP2 10VP1-3 OS MEP 9 Quelques \u00e9nigmes \u00e0 r\u00e9soudre pour faire passer le temps!<\/p>\n","protected":false},"author":1,"featured_media":0,"parent":0,"menu_order":0,"comment_status":"closed","ping_status":"closed","template":"","meta":{"footnotes":""},"class_list":["post-6","page","type-page","status-publish","hentry"],"_links":{"self":[{"href":"https:\/\/math-mep.ecub.info\/index.php?rest_route=\/wp\/v2\/pages\/6","targetHints":{"allow":["GET"]}}],"collection":[{"href":"https:\/\/math-mep.ecub.info\/index.php?rest_route=\/wp\/v2\/pages"}],"about":[{"href":"https:\/\/math-mep.ecub.info\/index.php?rest_route=\/wp\/v2\/types\/page"}],"author":[{"embeddable":true,"href":"https:\/\/math-mep.ecub.info\/index.php?rest_route=\/wp\/v2\/users\/1"}],"replies":[{"embeddable":true,"href":"https:\/\/math-mep.ecub.info\/index.php?rest_route=%2Fwp%2Fv2%2Fcomments&post=6"}],"version-history":[{"count":32,"href":"https:\/\/math-mep.ecub.info\/index.php?rest_route=\/wp\/v2\/pages\/6\/revisions"}],"predecessor-version":[{"id":1847,"href":"https:\/\/math-mep.ecub.info\/index.php?rest_route=\/wp\/v2\/pages\/6\/revisions\/1847"}],"wp:attachment":[{"href":"https:\/\/math-mep.ecub.info\/index.php?rest_route=%2Fwp%2Fv2%2Fmedia&parent=6"}],"curies":[{"name":"wp","href":"https:\/\/api.w.org\/{rel}","templated":true}]}}